{"id":9,"date":"2016-12-20T15:19:00","date_gmt":"2016-12-20T15:19:00","guid":{"rendered":"http:\/\/fewo-laer-muenster.de\/?page_id=9"},"modified":"2018-05-23T14:39:21","modified_gmt":"2018-05-23T14:39:21","slug":"impressum","status":"publish","type":"page","link":"https:\/\/fewo-laer-muenster.de\/?page_id=9","title":{"rendered":"Impressum"},"content":{"rendered":"<h2>Herausgeber:<\/h2>\n<p>Mechthild Stenzel<br \/>\nFranz-Rieping-Str. 6A<br \/>\nD-48366 Laer<br \/>\nTelefon: +49 (0)2554-1307<br \/>\nMobil: +49 (0)175-17 80 544 oder +49 (0)177-58 57 688<\/p>\n<p>E-Mail: mechthild@stemko.de<\/p>\n<p>Verantwortlich f\u00fcr den Inhalt:<br \/>\nMechthild Stenzel<\/p>\n<p>Programmierung und Gestaltung:<br \/>\nVolker H\u00f6cke<\/p>\n<h3>Copyright<\/h3>\n<p>S\u00e4mtliche Texte, Fotos und Inhalte dieser Website sind einschlie\u00dflich ihrer Gestaltung und Programmierung urheberrechtlich gesch\u00fctzt. Alle Rechte vorbehalten. Verst\u00f6\u00dfe gegen unsere Urheberrechte werden verfolgt.<\/p>\n<p>Copyright \u00a9 2017, Mechthild Stenzel<\/p>\n<h3>Haftungsausschluss<\/h3>\n<p>Wir \u00fcbernehmen keinerlei Haftung f\u00fcr die Aktualit\u00e4t, Vollst\u00e4ndigkeit und Richtigkeit der bereitgestellten Informationen sowie f\u00fcr die Lauff\u00e4higkeit von Anwendungen.<\/p>\n<p>Alle Angebote sind freibleibend und unverbindlich. Wir behalten uns ausdr\u00fccklich vor, Teile der Seiten oder das gesamte Angebot ohne Ank\u00fcndigung zu ver\u00e4ndern, zu erg\u00e4nzen, zu l\u00f6schen oder die Ver\u00f6ffentlichung zeitweise oder endg\u00fcltig einzustellen.<\/p>\n<p>Auf unseren Seiten befinden sich Verweise (&#8222;Links&#8220;) zu anderen Websites. Da wir in der Regel keinerlei Einfluss auf Inhalt und Gestaltung der gelinkten Seiten haben, distanzieren wir uns vorsorglich von deren Inhalt. Dies gilt f\u00fcr alle auf unserer Website enthaltenen Links und f\u00fcr alle Inhalte, zu denen Links oder Banner f\u00fchren.<\/p>\n","protected":false},"excerpt":{"rendered":"<p>Herausgeber: Mechthild Stenzel Franz-Rieping-Str. 6A D-48366 Laer Telefon: +49 (0)2554-1307 Mobil: +49 (0)175-17 80 544 oder +49 (0)177-58 57 688 E-Mail: mechthild@stemko.de Verantwortlich f\u00fcr den Inhalt: Mechthild Stenzel Programmierung und Gestaltung: Volker H\u00f6cke Copyright S\u00e4mtliche Texte, Fotos und Inhalte dieser Website sind einschlie\u00dflich ihrer Gestaltung und Programmierung urheberrechtlich gesch\u00fctzt. Alle Rechte vorbehalten. Verst\u00f6\u00dfe gegen unsere &hellip; <\/p>\n<p class=\"link-more\"><a href=\"https:\/\/fewo-laer-muenster.de\/?page_id=9\" class=\"more-link\"><span class=\"screen-reader-text\">\u201eImpressum\u201c<\/span> weiterlesen<\/a><\/p>\n","protected":false},"author":1,"featured_media":25,"parent":6,"menu_order":0,"comment_status":"closed","ping_status":"closed","template":"","meta":{"footnotes":""},"class_list":["post-9","page","type-page","status-publish","has-post-thumbnail","hentry"],"_links":{"self":[{"href":"https:\/\/fewo-laer-muenster.de\/index.php?rest_route=\/wp\/v2\/pages\/9","targetHints":{"allow":["GET"]}}],"collection":[{"href":"https:\/\/fewo-laer-muenster.de\/index.php?rest_route=\/wp\/v2\/pages"}],"about":[{"href":"https:\/\/fewo-laer-muenster.de\/index.php?rest_route=\/wp\/v2\/types\/page"}],"author":[{"embeddable":true,"href":"https:\/\/fewo-laer-muenster.de\/index.php?rest_route=\/wp\/v2\/users\/1"}],"replies":[{"embeddable":true,"href":"https:\/\/fewo-laer-muenster.de\/index.php?rest_route=%2Fwp%2Fv2%2Fcomments&post=9"}],"version-history":[{"count":9,"href":"https:\/\/fewo-laer-muenster.de\/index.php?rest_route=\/wp\/v2\/pages\/9\/revisions"}],"predecessor-version":[{"id":58,"href":"https:\/\/fewo-laer-muenster.de\/index.php?rest_route=\/wp\/v2\/pages\/9\/revisions\/58"}],"up":[{"embeddable":true,"href":"https:\/\/fewo-laer-muenster.de\/index.php?rest_route=\/wp\/v2\/pages\/6"}],"wp:featuredmedia":[{"embeddable":true,"href":"https:\/\/fewo-laer-muenster.de\/index.php?rest_route=\/wp\/v2\/media\/25"}],"wp:attachment":[{"href":"https:\/\/fewo-laer-muenster.de\/index.php?rest_route=%2Fwp%2Fv2%2Fmedia&parent=9"}],"curies":[{"name":"wp","href":"https:\/\/api.w.org\/{rel}","templated":true}]}}