{"id":56,"date":"2016-12-21T09:03:36","date_gmt":"2016-12-21T09:03:36","guid":{"rendered":"http:\/\/fewo-laer-muenster.de\/?page_id=56"},"modified":"2018-05-27T14:41:07","modified_gmt":"2018-05-27T14:41:07","slug":"links","status":"publish","type":"page","link":"https:\/\/fewo-laer-muenster.de\/?page_id=56","title":{"rendered":"Links"},"content":{"rendered":"<p>Diese Seite enth\u00e4lt Links zu Partnern und zu attraktiven Ausflugszielen im M\u00fcnsterland<\/p>\n<p>Partner:<\/p>\n<p>Wohnung 1 \u00a0 <a href=\"https:\/\/www.traum-ferienwohnungen.de\/24474\/\" target=\"_blank\" rel=\"noopener noreferrer\"><img loading=\"lazy\" decoding=\"async\" class=\"alignnone wp-image-241 size-full\" src=\"https:\/\/fewo-laer-muenster.de\/wp-content\/uploads\/2016\/12\/tfw-logo-all.png\" width=\"195\" height=\"40\" \/><\/a><\/p>\n<p>Wohnung 2 \u00a0 <a href=\"https:\/\/www.traum-ferienwohnungen.de\/140960\/\" target=\"_blank\" rel=\"https:\/\/www.traum-ferienwohnungen.de\/140960\/ noopener noreferrer\"><img loading=\"lazy\" decoding=\"async\" class=\"alignnone wp-image-241 size-full\" src=\"https:\/\/fewo-laer-muenster.de\/wp-content\/uploads\/2016\/12\/tfw-logo-all.png\" width=\"195\" height=\"40\" \/><\/a><\/p>\n<ul>\n<li><a href=\"https:\/\/www.fewo24.de\" target=\"_blank\" rel=\"noopener noreferrer\">Ferienwohnung bei Fewo24.de<\/a><\/li>\n<\/ul>\n<ul>\n<li><a href=\"http:\/\/www.ferienhausmiete.de\/29789.htm\" target=\"_blank\" rel=\"noopener noreferrer\">Ferienwohnung Stenzel in Laer<\/a><\/li>\n<\/ul>\n<ul>\n<li><a href=\"http:\/\/www.mein-ferienhaus-in.de\/fewo\/muensterland.html\" target=\"_blank\" rel=\"noopener noreferrer\">Exklusive Ferienh\u00e4user in M\u00fcnsterland f\u00fcr die n\u00e4chsten Ferien mieten.<\/a><\/li>\n<\/ul>\n<ul>\n<li><a href=\"http:\/\/www.live-like-a-german.com\" target=\"_blank\" rel=\"noopener noreferrer\">live-like-a-german.com<\/a> und <a href=\"http:\/\/live-like-a-german.de\" target=\"_blank\" rel=\"noopener noreferrer\">live-like-a-german.de<\/a><\/li>\n<\/ul>\n<ul>\n<li><a href=\"http:\/\/www.ferienhausmarkt.com\/region\/nordrhein-westfalen\/\" target=\"_blank\" rel=\"noopener noreferrer\">Appartment Nordrhein-<\/a><a href=\"http:\/\/www.ferienhausmarkt.com\/region\/nordrhein-westfalen\/\" target=\"_blank\" rel=\"noopener noreferrer\">Westfalen<\/a> und <a href=\"http:\/\/www.ferienhausmarkt.com\/town\/laer\/\" target=\"_blank\" rel=\"noopener noreferrer\">Appartment Laer<\/a> g\u00fcnstig mieten<\/li>\n<\/ul>\n<ul>\n<li><a href=\"https:\/\/www.monteurzimmer.de\" target=\"_blank\" rel=\"noopener noreferrer\">Bei Deutschland Monteurzimmer finden Sie preiswerte Monteurzimmer, Monteurunterk\u00fcnfte und Monteurwohnungen in ganz Deutschland.<\/a><\/li>\n<\/ul>\n<ul>\n<li><a href=\"http:\/\/www.spanien-travel.net\" target=\"_blank\" rel=\"noopener noreferrer\">Ferienhaus Spanien<\/a> oder <a href=\"http:\/\/www.ferienhausmarkt.com\/subregion\/nordsee-ostfriesland\/\" target=\"_blank\" rel=\"noopener noreferrer\">Ferienhaus Nordsee<\/a> buchen<\/li>\n<\/ul>\n<ul>\n<li><a href=\"http:\/\/www.ferienhausmarkt.com\/country\/deutschland\/\" target=\"_blank\" rel=\"noopener noreferrer\">Appartment Deutschland<\/a> und<a href=\"http:\/\/www.spanien-travel.net\" target=\"_blank\" rel=\"noopener noreferrer\"> Ferienhaus Spanien<\/a> g\u00fcnstig mieten<\/li>\n<\/ul>\n<p>&lt;a href=&#8220;https:\/\/www.fewo24.de\/415862&#8243; target=&#8220;_blank&#8220;&gt;Ferienappartment Laer in Laer&lt;\/a&gt;<\/p>\n<p><a href=\"http:\/\/www.kunstmuseum-picasso-muenster.de\/home\/\" target=\"_blank\" rel=\"noopener noreferrer\">Picasso-Museum<\/a> in M\u00fcnster<\/p>\n<p><a href=\"http:\/\/www.allwetterzoo.de\" target=\"_blank\" rel=\"noopener noreferrer\">Allwetterzoo<\/a><\/p>\n<p><a href=\"http:\/\/www.muenster.de\/stadt\/tourismus\/radtouren_werse-rad-weg.html\" target=\"_blank\" rel=\"noopener noreferrer\">Werse-Radweg<\/a><\/p>\n<p><a href=\"http:\/\/www.stattreisen-muenster.de\" target=\"_blank\" rel=\"noopener noreferrer\">Stadtf\u00fchrungen, Rundg\u00e4nge, Radtouren, Stadtspiele in M\u00fcnster<\/a><\/p>\n<p><a href=\"http:\/\/www.laer.de\/pics\/medien\/1_1471424620\/Flyer___Kulturprogramm___2016-2017.pdf\" target=\"_blank\" rel=\"noopener noreferrer\">Kulturprogramm der Stadt Laer<\/a><\/p>\n","protected":false},"excerpt":{"rendered":"<p>Diese Seite enth\u00e4lt Links zu Partnern und zu attraktiven Ausflugszielen im M\u00fcnsterland Partner: Wohnung 1 \u00a0 Wohnung 2 \u00a0 Ferienwohnung bei Fewo24.de Ferienwohnung Stenzel in Laer Exklusive Ferienh\u00e4user in M\u00fcnsterland f\u00fcr die n\u00e4chsten Ferien mieten. live-like-a-german.com und live-like-a-german.de Appartment Nordrhein-Westfalen und Appartment Laer g\u00fcnstig mieten Bei Deutschland Monteurzimmer finden Sie preiswerte Monteurzimmer, Monteurunterk\u00fcnfte und Monteurwohnungen &hellip; <\/p>\n<p class=\"link-more\"><a href=\"https:\/\/fewo-laer-muenster.de\/?page_id=56\" class=\"more-link\"><span class=\"screen-reader-text\">\u201eLinks\u201c<\/span> weiterlesen<\/a><\/p>\n","protected":false},"author":1,"featured_media":0,"parent":0,"menu_order":0,"comment_status":"closed","ping_status":"closed","template":"","meta":{"footnotes":""},"class_list":["post-56","page","type-page","status-publish","hentry"],"_links":{"self":[{"href":"https:\/\/fewo-laer-muenster.de\/index.php?rest_route=\/wp\/v2\/pages\/56","targetHints":{"allow":["GET"]}}],"collection":[{"href":"https:\/\/fewo-laer-muenster.de\/index.php?rest_route=\/wp\/v2\/pages"}],"about":[{"href":"https:\/\/fewo-laer-muenster.de\/index.php?rest_route=\/wp\/v2\/types\/page"}],"author":[{"embeddable":true,"href":"https:\/\/fewo-laer-muenster.de\/index.php?rest_route=\/wp\/v2\/users\/1"}],"replies":[{"embeddable":true,"href":"https:\/\/fewo-laer-muenster.de\/index.php?rest_route=%2Fwp%2Fv2%2Fcomments&post=56"}],"version-history":[{"count":14,"href":"https:\/\/fewo-laer-muenster.de\/index.php?rest_route=\/wp\/v2\/pages\/56\/revisions"}],"predecessor-version":[{"id":423,"href":"https:\/\/fewo-laer-muenster.de\/index.php?rest_route=\/wp\/v2\/pages\/56\/revisions\/423"}],"wp:attachment":[{"href":"https:\/\/fewo-laer-muenster.de\/index.php?rest_route=%2Fwp%2Fv2%2Fmedia&parent=56"}],"curies":[{"name":"wp","href":"https:\/\/api.w.org\/{rel}","templated":true}]}}