{"id":410,"date":"2018-05-23T13:03:07","date_gmt":"2018-05-23T13:03:07","guid":{"rendered":"http:\/\/fewo-laer-muenster.de\/?page_id=410"},"modified":"2018-05-23T13:08:06","modified_gmt":"2018-05-23T13:08:06","slug":"datenschutzerklaerung","status":"publish","type":"page","link":"https:\/\/fewo-laer-muenster.de\/?page_id=410","title":{"rendered":"Datenschutzerkl\u00e4rung"},"content":{"rendered":"<p>Verantwortlicher:<\/p>\n<p>Name\/Fa.: Ferienwohnung Stenzel<br \/>\nStra\u00dfe Nr.: Franz-Rieping-Str. 6a<br \/>\nPLZ, Ort, Land: 48366 Laer, Deutschland<br \/>\nVerantwortlich: Mechthild Stenzel<br \/>\nTelefonnummer: 02554\/1307<br \/>\nE-Mailadresse: mechthild@stemko.de<br \/>\nStand: 23.05.2018<\/p>\n<p>1. Grunds\u00e4tzliche Angaben zur Datenverarbeitung und Rechtsgrundlagen<\/p>\n<p>1.1. Diese Datenschutzerkl\u00e4rung kl\u00e4rt Sie \u00fcber die Art, den Umfang und Zweck der Verarbeitung von personenbezogenen Daten innerhalb unseres Onlineangebotes und der mit ihm verbundenen Webseiten, Funktionen und Inhalte (nachfolgend gemeinsam bezeichnet als \u201eOnlineangebot\u201c oder \u201eWebsite\u201c) auf. Die Datenschutzerkl\u00e4rung gilt unabh\u00e4ngig von den verwendeten Domains, Systemen, Plattformen und Ger\u00e4ten (z.B. Desktop oder Mobile) auf denen das Onlineangebot ausgef\u00fchrt wird.<br \/>\n1.2. Die verwendeten Begrifflichkeiten, wie z.B. \u201epersonenbezogene Daten\u201c oder deren \u201eVerarbeitung\u201c verweisen auf die Definitionen im Art. 4 der Datenschutzgrundverordnung (DSGVO).<br \/>\n1.3. Zu den im Rahmen dieses Onlineangebotes verarbeiteten personenbezogenen Daten der Nutzer geh\u00f6ren Kontaktdaten (Namen, Email-Adressen), Meta-\/Kommunikationsdaten (IP-Adressen) und Inhaltsdaten (Eingaben im Kontaktformular).<br \/>\n1.4. Der Begriff \u201eNutzer\u201c umfasst alle Kategorien von der Datenverarbeitung betroffener Personen. Zu ihnen geh\u00f6ren Interessenten und sonstige Besucher unseres Onlineangebotes. Die verwendeten Begrifflichkeiten, wie z.B. \u201eNutzer\u201c sind geschlechtsneutral zu verstehen.<br \/>\n1.5. Wir verarbeiten personenbezogene Daten der Nutzer nur unter Einhaltung der einschl\u00e4gigen Datenschutzbestimmungen. Das bedeutet, die Daten der Nutzer werden nur bei Vorliegen einer gesetzlichen Erlaubnis verarbeitet. D.h., insbesondere wenn die Datenverarbeitung zur Erbringung unserer vertraglichen Leistungen (z.B. Bearbeitung von Auftr\u00e4gen) sowie Online-Services erforderlich, bzw. gesetzlich vorgeschrieben ist, eine Einwilligung der Nutzer vorliegt, als auch aufgrund unserer berechtigten Interessen (d.h. Interesse an der Analyse, Optimierung und wirtschaftlichem Betrieb und Sicherheit unseres Onlineangebotes im Sinne des Art. 6 Abs. 1 lit. f. DSGVO.<br \/>\n1.6. Wir weisen darauf hin, dass die Rechtsgrundlage der Einwilligungen Art. 6 Abs. 1 lit. a. und Art. 7 DSGVO, die Rechtsgrundlage f\u00fcr die Verarbeitung zur Erf\u00fcllung unserer Leistungen und Durchf\u00fchrung vertraglicher Ma\u00dfnahmen Art. 6 Abs. 1 lit. b. DSGVO, die Rechtsgrundlage f\u00fcr die Verarbeitung zur Erf\u00fcllung unserer rechtlichen Verpflichtungen Art. 6 Abs. 1 lit. c. DSGVO, und die Rechtsgrundlage f\u00fcr die Verarbeitung zur Wahrung unserer berechtigten Interessen Art. 6 Abs. 1 lit. f. DSGVO ist.<\/p>\n<p>2. Sicherheitsma\u00dfnahmen<br \/>\nWir treffen organisatorische, vertragliche und technische Sicherheitsma\u00dfnahmen entsprechend dem Stand der Technik, um sicherzustellen, dass die Vorschriften der Datenschutzgesetze eingehalten werden und um damit die durch uns verarbeiteten Daten gegen zuf\u00e4llige oder vors\u00e4tzliche Manipulationen, Verlust, Zerst\u00f6rung oder gegen den Zugriff unberechtigter Personen zu sch\u00fctzen.<\/p>\n<p>3. Weitergabe von Daten an Dritte und Drittanbieter<br \/>\n3.1. Eine Weitergabe von Daten an Dritte erfolgt nur im Rahmen der gesetzlichen Vorgaben. Wir geben die Daten der Nutzer an Dritte nur dann weiter, wenn dies z.B. auf Grundlage des Art. 6 Abs. 1 lit. b) DSGVO f\u00fcr Vertragszwecke erforderlich ist oder auf Grundlage berechtigter Interessen gem. Art. 6 Abs. 1 lit. f. DSGVO an wirtschaftlichem und effektivem Betrieb unseres Gesch\u00e4ftsbetriebes.<br \/>\n3.2. Sofern wir Subunternehmer einsetzen, um unsere Leistungen bereitzustellen, ergreifen wir geeignete rechtliche Vorkehrungen sowie entsprechende technische und organisatorische Ma\u00dfnahmen, um f\u00fcr den Schutz der personenbezogenen Daten gem\u00e4\u00df den einschl\u00e4gigen gesetzlichen Vorschriften zu sorgen.<br \/>\n3.3. Sofern im Rahmen dieser Datenschutzerkl\u00e4rung Inhalte, Werkzeuge oder sonstige Mittel von anderen Anbietern (nachfolgend gemeinsam bezeichnet als \u201eDrittanbieter\u201c) eingesetzt werden und deren genannter Sitz sich in einem Drittland befindet, ist davon auszugehen, dass ein Datentransfer in die Sitzstaaten der Drittanbieter stattfindet. Als Drittstaaten sind L\u00e4nder zu verstehen, in denen die DSGVO kein unmittelbar geltendes Recht ist, d.h. grunds\u00e4tzlich L\u00e4nder au\u00dferhalb der EU, bzw. des Europ\u00e4ischen Wirtschaftsraums. Die \u00dcbermittlung von Daten in Drittstaaten erfolgt entweder, wenn ein angemessenes Datenschutzniveau, eine Einwilligung der Nutzer oder sonst eine gesetzliche Erlaubnis vorliegt.<\/p>\n<p>4. Verarbeitung von Nutzungsdaten<br \/>\nWir verarbeiten Inhaltsdaten (z.B., Eingaben im Kontaktformular), um den Nutzer bei seinem Anliegen hilfreich zu sein.<\/p>\n<p>5. Kontaktaufnahme<br \/>\n5.1. Bei der Kontaktaufnahme mit uns (per Kontaktformular oder E-Mail) werden die Angaben des Nutzers zur Bearbeitung der Kontaktanfrage und deren Abwicklung gem. Art. 6 Abs. 1 lit. b) DSGVO verarbeitet.<br \/>\n5.2. Die Angaben der Nutzer k\u00f6nnen in unserem Email-Programm gespeichert werden.<\/p>\n<p>6. Erhebung von Zugriffsdaten und Logfiles<br \/>\n6.1. Wir erheben auf Grundlage unserer berechtigten Interessen im Sinne des Art. 6 Abs. 1 lit. f. DSGVO Daten \u00fcber jeden Zugriff auf den Server, auf dem sich dieser Dienst befindet (sogenannte Serverlogfiles). Zu den Zugriffsdaten geh\u00f6ren Name der abgerufenen Webseite, Datei, Datum und Uhrzeit des Abrufs, \u00fcbertragene Datenmenge, Meldung \u00fcber erfolgreichen Abruf, Browsertyp nebst Version, das Betriebssystem des Nutzers, Referrer URL (die zuvor besuchte Seite), IP-Adresse und der anfragende Provider.<br \/>\n6.2. Logfile-Informationen werden aus Sicherheitsgr\u00fcnden (z.B. zur Aufkl\u00e4rung von Missbrauchs- oder Betrugshandlungen) f\u00fcr die Dauer von maximal sieben Tagen gespeichert und danach gel\u00f6scht. Daten, deren weitere Aufbewahrung zu Beweiszwecken erforderlich ist, sind bis zur endg\u00fcltigen Kl\u00e4rung des jeweiligen Vorfalls von der L\u00f6schung ausgenommen.<\/p>\n<p>7. Cookies &amp; Reichweitenmessung<br \/>\n7.1. Cookies sind Informationen, die von unserem Webserver oder Webservern Dritter an die Web-Browser der Nutzer \u00fcbertragen und dort f\u00fcr einen sp\u00e4teren Abruf gespeichert werden. Bei Cookies kann es sich um kleine Dateien oder sonstige Arten der Informationsspeicherung handeln.<br \/>\n7.2. \u00dcber den Einsatz von Cookies im Rahmen pseudonymer Reichweitenmessung werden die Nutzer im Rahmen dieser Datenschutzerkl\u00e4rung informiert.<br \/>\n7.3. Falls die Nutzer nicht m\u00f6chten, dass Cookies auf ihrem Rechner gespeichert werden, werden sie gebeten die entsprechende Option in den Systemeinstellungen ihres Browsers zu deaktivieren. Gespeicherte Cookies k\u00f6nnen in den Systemeinstellungen des Browsers gel\u00f6scht werden. Der Ausschluss von Cookies kann zu Funktionseinschr\u00e4nkungen dieses Onlineangebotes f\u00fchren.<br \/>\n7.4. Sie k\u00f6nnen dem Einsatz von Cookies, die der Reichweitenmessung und Werbezwecken dienen, \u00fcber die Deaktivierungsseite der Netzwerkwerbeinitiative (http:\/\/optout.networkadvertising.org\/) und zus\u00e4tzlich die US-amerikanische Webseite (http:\/\/www.aboutads.info\/choices) oder die europ\u00e4ische Webseite (http:\/\/www.youronlinechoices.com\/uk\/your-ad-choices\/) widersprechen..<\/p>\n<p>8. Einbindung von Diensten und Inhalten Dritter<br \/>\n8.1. Wir setzen innerhalb unseres Onlineangebotes auf Grundlage unserer berechtigten Interessen (d.h. Interesse an der Analyse, Optimierung und wirtschaftlichem Betrieb unseres Onlineangebotes im Sinne des Art. 6 Abs. 1 lit. f. DSGVO) Inhalts- oder Serviceangebote von Drittanbietern ein, um deren Inhalte und Services, wie z.B. Videos oder Schriftarten einzubinden (nachfolgend einheitlich bezeichnet als \u201cInhalte\u201d). Dies setzt immer voraus, dass die Drittanbieter dieser Inhalte, die IP-Adresse der Nutzer wahrnehmen, da sie ohne die IP-Adresse die Inhalte nicht an deren Browser senden k\u00f6nnten. Die IP-Adresse ist damit f\u00fcr die Darstellung dieser Inhalte erforderlich. Wir bem\u00fchen uns nur solche Inhalte zu verwenden, deren jeweilige Anbieter die IP-Adresse lediglich zur Auslieferung der Inhalte verwenden. Drittanbieter k\u00f6nnen ferner so genannte Pixel-Tags (unsichtbare Grafiken, auch als &#8222;Web Beacons&#8220; bezeichnet) f\u00fcr statistische oder Marketingzwecke verwenden. Durch die &#8222;Pixel-Tags&#8220; k\u00f6nnen Informationen, wie der Besucherverkehr auf den Seiten dieser Website ausgewertet werden. Die pseudonymen Informationen k\u00f6nnen ferner in Cookies auf dem Ger\u00e4t der Nutzer gespeichert werden und unter anderem technische Informationen zum Browser und Betriebssystem, verweisende Webseiten, Besuchszeit sowie weitere Angaben zur Nutzung unseres Onlineangebotes enthalten, als auch mit solchen Informationen aus anderen Quellen verbunden werden k\u00f6nnen.<br \/>\n8.2. Die nachfolgende Darstellung bietet eine \u00dcbersicht von Drittanbietern sowie ihrer Inhalte, nebst Links zu deren Datenschutzerkl\u00e4rungen, welche weitere Hinweise zur Verarbeitung von Daten und, z.T. bereits hier genannt, Widerspruchsm\u00f6glichkeiten (sog. Opt-Out) enthalten:<br \/>\nLandkarten des Dienstes \u201eGoogle Maps\u201c des Drittanbieters Google Inc., 1600 Amphitheatre Parkway, Mountain View, CA 94043, USA, gestellt. Datenschutzerkl\u00e4rung: https:\/\/www.google.com\/policies\/privacy\/, Opt-Out: https:\/\/www.google.com\/settings\/ads\/.<\/p>\n<p>9. Rechte der Nutzer<br \/>\n9.1. Nutzer haben das Recht, auf Antrag unentgeltlich Auskunft zu erhalten \u00fcber die personenbezogenen Daten, die von uns \u00fcber sie gespeichert wurden.<br \/>\n9.2. Zus\u00e4tzlich haben die Nutzer das Recht auf Berichtigung unrichtiger Daten, Einschr\u00e4nkung der Verarbeitung und L\u00f6schung ihrer personenbezogenen Daten, sofern zutreffend, Ihre Rechte auf Datenportabilit\u00e4t geltend zu machen und im Fall der Annahme einer unrechtm\u00e4\u00dfigen Datenverarbeitung, eine Beschwerde bei der zust\u00e4ndigen Aufsichtsbeh\u00f6rde einzureichen.<br \/>\n9.3. Ebenso k\u00f6nnen Nutzer Einwilligungen, grunds\u00e4tzlich mit Auswirkung f\u00fcr die Zukunft, widerrufen.<\/p>\n<p>10. L\u00f6schung von Daten<br \/>\nDie bei uns gespeicherten Daten werden gel\u00f6scht, sobald sie f\u00fcr ihre Zweckbestimmung nicht mehr erforderlich sind und der L\u00f6schung keine gesetzlichen Aufbewahrungspflichten entgegenstehen. Sofern die Daten der Nutzer nicht gel\u00f6scht werden, weil sie f\u00fcr andere und gesetzlich zul\u00e4ssige Zwecke erforderlich sind, wird deren Verarbeitung eingeschr\u00e4nkt. D.h. die Daten werden gesperrt und nicht f\u00fcr andere Zwecke verarbeitet. Das gilt z.B. f\u00fcr Daten der Nutzer, die aus handels- oder steuerrechtlichen Gr\u00fcnden aufbewahrt werden m\u00fcssen.<\/p>\n<p>11. Widerspruchsrecht<br \/>\nNutzer k\u00f6nnen der k\u00fcnftigen Verarbeitung ihrer personenbezogenen Daten entsprechend den gesetzlichen Vorgaben jederzeit widersprechen.<\/p>\n<p>12. \u00c4nderungen der Datenschutzerkl\u00e4rung<br \/>\n12.1. Wir behalten uns vor, die Datenschutzerkl\u00e4rung zu \u00e4ndern, um sie an ge\u00e4nderte Rechtslagen, oder bei \u00c4nderungen des Dienstes sowie der Datenverarbeitung anzupassen. Dies gilt jedoch nur im Hinblick auf Erkl\u00e4rungen zur Datenverarbeitung. Sofern Einwilligungen der Nutzer erforderlich sind oder Bestandteile der Datenschutzerkl\u00e4rung Regelungen des Vertragsverh\u00e4ltnisses mit den Nutzern enthalten, erfolgen die \u00c4nderungen nur mit Zustimmung der Nutzer.<br \/>\n12.2. Die Nutzer werden gebeten sich regelm\u00e4\u00dfig \u00fcber den Inhalt der Datenschutzerkl\u00e4rung zu informieren.<\/p>\n","protected":false},"excerpt":{"rendered":"<p>Verantwortlicher: Name\/Fa.: Ferienwohnung Stenzel Stra\u00dfe Nr.: Franz-Rieping-Str. 6a PLZ, Ort, Land: 48366 Laer, Deutschland Verantwortlich: Mechthild Stenzel Telefonnummer: 02554\/1307 E-Mailadresse: mechthild@stemko.de Stand: 23.05.2018 1. Grunds\u00e4tzliche Angaben zur Datenverarbeitung und Rechtsgrundlagen 1.1. Diese Datenschutzerkl\u00e4rung kl\u00e4rt Sie \u00fcber die Art, den Umfang und Zweck der Verarbeitung von personenbezogenen Daten innerhalb unseres Onlineangebotes und der mit ihm verbundenen &hellip; <\/p>\n<p class=\"link-more\"><a href=\"https:\/\/fewo-laer-muenster.de\/?page_id=410\" class=\"more-link\"><span class=\"screen-reader-text\">\u201eDatenschutzerkl\u00e4rung\u201c<\/span> weiterlesen<\/a><\/p>\n","protected":false},"author":1,"featured_media":0,"parent":6,"menu_order":0,"comment_status":"closed","ping_status":"closed","template":"","meta":{"footnotes":""},"class_list":["post-410","page","type-page","status-publish","hentry"],"_links":{"self":[{"href":"https:\/\/fewo-laer-muenster.de\/index.php?rest_route=\/wp\/v2\/pages\/410","targetHints":{"allow":["GET"]}}],"collection":[{"href":"https:\/\/fewo-laer-muenster.de\/index.php?rest_route=\/wp\/v2\/pages"}],"about":[{"href":"https:\/\/fewo-laer-muenster.de\/index.php?rest_route=\/wp\/v2\/types\/page"}],"author":[{"embeddable":true,"href":"https:\/\/fewo-laer-muenster.de\/index.php?rest_route=\/wp\/v2\/users\/1"}],"replies":[{"embeddable":true,"href":"https:\/\/fewo-laer-muenster.de\/index.php?rest_route=%2Fwp%2Fv2%2Fcomments&post=410"}],"version-history":[{"count":2,"href":"https:\/\/fewo-laer-muenster.de\/index.php?rest_route=\/wp\/v2\/pages\/410\/revisions"}],"predecessor-version":[{"id":413,"href":"https:\/\/fewo-laer-muenster.de\/index.php?rest_route=\/wp\/v2\/pages\/410\/revisions\/413"}],"up":[{"embeddable":true,"href":"https:\/\/fewo-laer-muenster.de\/index.php?rest_route=\/wp\/v2\/pages\/6"}],"wp:attachment":[{"href":"https:\/\/fewo-laer-muenster.de\/index.php?rest_route=%2Fwp%2Fv2%2Fmedia&parent=410"}],"curies":[{"name":"wp","href":"https:\/\/api.w.org\/{rel}","templated":true}]}}